{"id":1211,"date":"2020-02-12T12:04:53","date_gmt":"2020-02-12T11:04:53","guid":{"rendered":"http:\/\/lofficinaitaliana.it\/?page_id=1211"},"modified":"2021-02-03T15:20:06","modified_gmt":"2021-02-03T14:20:06","slug":"porsche-in-the-dolomites-2020","status":"publish","type":"page","link":"https:\/\/lofficinaitaliana.it\/it\/porsche-in-the-dolomites-2020\/","title":{"rendered":"Porsche in the Dolomites 2020"},"content":{"rendered":"[vc_row type=&#8221;full_width_background&#8221; full_screen_row_position=&#8221;middle&#8221; scene_position=&#8221;center&#8221; text_color=&#8221;dark&#8221; text_align=&#8221;left&#8221; top_padding=&#8221;120&#8243; bottom_padding=&#8221;80&#8243; overlay_strength=&#8221;0.3&#8243;][vc_column column_padding=&#8221;no-extra-padding&#8221; column_padding_position=&#8221;all&#8221; background_color_opacity=&#8221;1&#8243; background_hover_color_opacity=&#8221;1&#8243; width=&#8221;1\/1&#8243; tablet_text_alignment=&#8221;default&#8221; phone_text_alignment=&#8221;default&#8221;][vc_row_inner text_align=&#8221;left&#8221;][vc_column_inner column_padding=&#8221;padding-12-percent&#8221; column_padding_position=&#8221;left&#8221; background_color_opacity=&#8221;1&#8243; width=&#8221;1\/4&#8243;][\/vc_column_inner][vc_column_inner column_padding=&#8221;padding-10-percent&#8221; column_padding_position=&#8221;left-right&#8221; background_color_opacity=&#8221;1&#8243; width=&#8221;1\/2&#8243;][image_with_animation image_url=&#8221;987&#8243; alignment=&#8221;center&#8221; animation=&#8221;Fade In&#8221; box_shadow=&#8221;none&#8221; max_width=&#8221;100%&#8221;][divider line_type=&#8221;No Line&#8221; custom_height=&#8221;40&#8243;][\/vc_column_inner][vc_column_inner column_padding=&#8221;padding-12-percent&#8221; column_padding_position=&#8221;right&#8221; background_color_opacity=&#8221;1&#8243; width=&#8221;1\/4&#8243;][\/vc_column_inner][\/vc_row_inner][vc_row_inner text_align=&#8221;left&#8221;][vc_column_inner column_padding=&#8221;padding-12-percent&#8221; column_padding_position=&#8221;left&#8221; background_color_opacity=&#8221;1&#8243; width=&#8221;1\/4&#8243;][\/vc_column_inner][vc_column_inner column_padding=&#8221;no-extra-padding&#8221; column_padding_position=&#8221;all&#8221; background_color_opacity=&#8221;1&#8243; width=&#8221;1\/2&#8243;][vc_column_text]\n<h1 style=\"text-align: center;\"><strong>Porsche in the Dolomites\u00a02020\u00a0<\/strong><\/h1>\n[\/vc_column_text][\/vc_column_inner][vc_column_inner column_padding=&#8221;padding-12-percent&#8221; column_padding_position=&#8221;right&#8221; background_color_opacity=&#8221;1&#8243; width=&#8221;1\/4&#8243;][\/vc_column_inner][\/vc_row_inner][vc_row_inner text_align=&#8221;left&#8221;][vc_column_inner column_padding=&#8221;padding-12-percent&#8221; column_padding_position=&#8221;left&#8221; background_color_opacity=&#8221;1&#8243; width=&#8221;1\/3&#8243;][divider line_type=&#8221;Full Width Line&#8221; line_thickness=&#8221;3&#8243; divider_color=&#8221;extra-color-1&#8243;][\/vc_column_inner][vc_column_inner column_padding=&#8221;no-extra-padding&#8221; column_padding_position=&#8221;all&#8221; background_color_opacity=&#8221;1&#8243; width=&#8221;1\/3&#8243;][vc_column_text]\n<h4 style=\"text-align: center;\"><span style=\"font-weight: 600;\">Dal 15 maggio al 15 ottobre<\/span><\/h4>\n<h4 style=\"text-align: center;\"><strong>San Martino di Castrozza, Dolomites<\/strong><\/h4>\n<h4 style=\"text-align: center;\"><strong><em>Italy<\/em><\/strong><\/h4>\n[\/vc_column_text][\/vc_column_inner][vc_column_inner column_padding=&#8221;padding-12-percent&#8221; column_padding_position=&#8221;right&#8221; background_color_opacity=&#8221;1&#8243; width=&#8221;1\/3&#8243;][divider line_type=&#8221;Full Width Line&#8221; line_thickness=&#8221;3&#8243; divider_color=&#8221;accent-color&#8221;][\/vc_column_inner][\/vc_row_inner][\/vc_column][\/vc_row][vc_row type=&#8221;full_width_background&#8221; full_screen_row_position=&#8221;middle&#8221; bg_color=&#8221;#4c4c4c&#8221; scene_position=&#8221;center&#8221; text_color=&#8221;light&#8221; text_align=&#8221;left&#8221; top_padding=&#8221;50&#8243; bottom_padding=&#8221;50&#8243; overlay_strength=&#8221;0.3&#8243;][vc_column column_padding=&#8221;padding-5-percent&#8221; column_padding_position=&#8221;all&#8221; background_color_opacity=&#8221;1&#8243; background_hover_color_opacity=&#8221;1&#8243; width=&#8221;1\/6&#8243; tablet_text_alignment=&#8221;default&#8221; phone_text_alignment=&#8221;default&#8221;][\/vc_column][vc_column column_padding=&#8221;no-extra-padding&#8221; column_padding_position=&#8221;all&#8221; background_color_opacity=&#8221;1&#8243; background_hover_color_opacity=&#8221;1&#8243; top_margin=&#8221;50&#8243; bottom_margin=&#8221;50&#8243; width=&#8221;2\/3&#8243; tablet_text_alignment=&#8221;default&#8221; phone_text_alignment=&#8221;default&#8221;][vc_column_text]\n<h4 style=\"text-align: center;\">Le Dolomiti, icona intramontabile del Rallye di San Martino<\/h4>\n[\/vc_column_text][vc_column_text]\n<p style=\"text-align: center;\"><strong>Un Tour di quattro giorni\u00a0<\/strong><span style=\"font-weight: 400;\"><strong>sulle pi\u00f9 belle strade delle Dolomiti alla guida della vostra Porsche.\u00a0<\/strong><br \/>\n<\/span><\/p>\n<p style=\"text-align: center;\">Sistemazione presso\u00a0<span style=\"font-weight: 400;\">Hotel Savoia **** Superior a San Martino di Castrozza,\u00a0una delle pi\u00f9 rinomate stazioni turistiche delle Dolomiti e dell\u2019intero arco Alpino.\u00a0San Martino di Castrozza \u00e8 il luogo d\u2019origine dell\u2019omonimo Rallye di San Martino, un vero tesoro custodito tra le montagne pi\u00f9 belle del mondo.<\/span><\/p>\n<p style=\"text-align: center;\">A bordo delle vostre Porsche toccherete le location pi\u00f9 belle dell&#8217;Italia nord-orientale con la possibilit\u00e0 di personalizzare il Tour a seconda delle vostre preferenze.<br \/>\nCaratteristici passi alpini,\u00a0la Terra del Prosecco, Verona ma anche\u00a0Venezia per un mix di arte e bellezze naturali.<\/p>\n<p style=\"text-align: center;\">Per coloro che lo desiderano vi \u00e8 la possibilit\u00e0 di <em>Rent a Porsche<\/em>,\u00a0sar\u00e0 sufficiente specificarlo in fase di prenotazione.<\/p>\n<p style=\"text-align: center;\">Il costo dell&#8217;intero Tour, compreso di sistemazione in Hotel\u00a0\u00a0**** Superior \u00e8 di \u20ac1.600 a coppia.<\/p>\n[\/vc_column_text][\/vc_column][vc_column column_padding=&#8221;no-extra-padding&#8221; column_padding_position=&#8221;all&#8221; background_color_opacity=&#8221;1&#8243; background_hover_color_opacity=&#8221;1&#8243; width=&#8221;1\/6&#8243; tablet_text_alignment=&#8221;default&#8221; phone_text_alignment=&#8221;default&#8221;][\/vc_column][\/vc_row][vc_row type=&#8221;in_container&#8221; full_screen_row_position=&#8221;middle&#8221; scene_position=&#8221;center&#8221; text_color=&#8221;dark&#8221; text_align=&#8221;left&#8221; overlay_strength=&#8221;0.3&#8243;][vc_column column_padding=&#8221;padding-1-percent&#8221; column_padding_position=&#8221;all&#8221; background_color_opacity=&#8221;1&#8243; background_hover_color_opacity=&#8221;1&#8243; width=&#8221;1\/1&#8243; tablet_text_alignment=&#8221;default&#8221; phone_text_alignment=&#8221;default&#8221;][vc_gallery type=&#8221;image_grid&#8221; images=&#8221;976,974,961,1020&#8243; layout=&#8221;4&#8243; masonry_style=&#8221;true&#8221; gallery_style=&#8221;1&#8243; load_in_animation=&#8221;none&#8221;][\/vc_column][\/vc_row][vc_row type=&#8221;in_container&#8221; full_screen_row_position=&#8221;middle&#8221; scene_position=&#8221;center&#8221; text_color=&#8221;dark&#8221; text_align=&#8221;left&#8221; overlay_strength=&#8221;0.3&#8243;][vc_column column_padding=&#8221;no-extra-padding&#8221; column_padding_position=&#8221;all&#8221; background_color_opacity=&#8221;1&#8243; background_hover_color_opacity=&#8221;1&#8243; width=&#8221;1\/4&#8243; tablet_text_alignment=&#8221;default&#8221; phone_text_alignment=&#8221;default&#8221;][vc_text_separator title=&#8221;GIORNO 1&#8243; color=&#8221;mulled_wine&#8221;][vc_column_text]<span style=\"font-weight: 400;\"><strong>ARRIVO<\/strong><br \/>\nParticipants arrive at the San Martino di Castrozza get-together and settle into the four- star superior Hotel Savoia.<br \/>\n<\/span><\/p>\n<p><b>ALLA SERA<\/b><span style=\"font-weight: 400;\"><br \/>\n<\/span><span style=\"font-weight: 400;\">Welcome dinner at Hotel Savoia. Briefing di inizio raduno e presentazione del programma delle tre giornate.<\/span>[\/vc_column_text][\/vc_column][vc_column column_padding=&#8221;no-extra-padding&#8221; column_padding_position=&#8221;all&#8221; background_color_opacity=&#8221;1&#8243; background_hover_color_opacity=&#8221;1&#8243; width=&#8221;1\/4&#8243; tablet_text_alignment=&#8221;default&#8221; phone_text_alignment=&#8221;default&#8221;][vc_text_separator title=&#8221;GIORNO 2&#8243; color=&#8221;mulled_wine&#8221;][vc_column_text]<b>MATTINO<\/b><b><br \/>\n<\/b><span style=\"font-weight: 400;\">Uscita sulle pi\u00f9 belle strade delle Dolomiti alla guida delle proprie vetture. Il percorso definitivo sar\u00e0 presentato la sera prima.\u00a0<\/span><\/p>\n<p><b>POMERIGGIO<\/b><span style=\"font-weight: 400;\"><br \/>\n<\/span><span style=\"font-weight: 400;\">Lunch veloce e rientro a San Martino, arrivo in Hotel previsto per le ore 17 circa.<\/span><\/p>\n<p><b>SERA<\/b><span style=\"font-weight: 400;\"><br \/>\n<\/span><span style=\"font-weight: 400;\">Cena in compagnia a San Martino di Castrozza.<\/span>[\/vc_column_text][\/vc_column][vc_column column_padding=&#8221;no-extra-padding&#8221; column_padding_position=&#8221;all&#8221; background_color_opacity=&#8221;1&#8243; background_hover_color_opacity=&#8221;1&#8243; width=&#8221;1\/4&#8243; tablet_text_alignment=&#8221;default&#8221; phone_text_alignment=&#8221;default&#8221;][vc_text_separator title=&#8221;GIORNO 3&#8243; color=&#8221;mulled_wine&#8221;][vc_column_text]<b>MATTINO<\/b><b><br \/>\n<\/b><span style=\"font-weight: 400;\">Uscita sulle pi\u00f9 belle strade delle Dolomiti alla guida delle proprie vetture.\u00a0<\/span><\/p>\n<p><b>POMERIGGIO<\/b><span style=\"font-weight: 400;\"><br \/>\n<\/span><span style=\"font-weight: 400;\">Lunch veloce e rientro a San Martino, arrivo in Hotel previsto per le ore 17 circa.<\/span><\/p>\n<p><b>SERA<\/b><span style=\"font-weight: 400;\"><br \/>\n<\/span><span style=\"font-weight: 400;\">Cena e party finale presso Hotel Savoia.<\/span>[\/vc_column_text][\/vc_column][vc_column column_padding=&#8221;no-extra-padding&#8221; column_padding_position=&#8221;all&#8221; background_color_opacity=&#8221;1&#8243; background_hover_color_opacity=&#8221;1&#8243; width=&#8221;1\/4&#8243; tablet_text_alignment=&#8221;default&#8221; phone_text_alignment=&#8221;default&#8221;][vc_text_separator title=&#8221;GIORNO 4&#8243; color=&#8221;mulled_wine&#8221;][vc_column_text]<b>MATTINO<\/b><span style=\"font-weight: 400;\"><br \/>\n<\/span><span style=\"font-weight: 400;\">Sfilata di chiusura dell\u2019evento per le vie del centro di San Martino.<br \/>\n<\/span><b><br \/>\n<\/b><b>A SEGUIRE<\/b><span style=\"font-weight: 400;\"><br \/>\n<\/span><span style=\"font-weight: 400;\">Partenza da San Martino e rientro verso casa. Per chi lo desidera, \u00e8 possibile salire sull\u2019Altopiano delle Pale di San Martino a quota 2700 m.<\/span>[\/vc_column_text][\/vc_column][\/vc_row][vc_row type=&#8221;full_width_background&#8221; full_screen_row_position=&#8221;middle&#8221; bg_color=&#8221;#4c4c4c&#8221; scene_position=&#8221;center&#8221; text_color=&#8221;light&#8221; text_align=&#8221;left&#8221; top_padding=&#8221;50&#8243; bottom_padding=&#8221;50&#8243; overlay_strength=&#8221;0.3&#8243;][vc_column column_padding=&#8221;padding-5-percent&#8221; column_padding_position=&#8221;all&#8221; background_color_opacity=&#8221;1&#8243; background_hover_color_opacity=&#8221;1&#8243; width=&#8221;1\/6&#8243; tablet_text_alignment=&#8221;default&#8221; phone_text_alignment=&#8221;default&#8221;][\/vc_column][vc_column column_padding=&#8221;no-extra-padding&#8221; column_padding_position=&#8221;all&#8221; background_color_opacity=&#8221;1&#8243; background_hover_color_opacity=&#8221;1&#8243; top_margin=&#8221;50&#8243; bottom_margin=&#8221;50&#8243; width=&#8221;2\/3&#8243; tablet_text_alignment=&#8221;default&#8221; phone_text_alignment=&#8221;default&#8221;][vc_column_text]\n<h4 style=\"text-align: center;\"><strong>San Martino di Castrozza<\/strong><\/h4>\n[\/vc_column_text][vc_column_text]\n<p style=\"text-align: center;\"><span style=\"font-weight: 400;\"><strong>LUOGO DI MOTORI\u00a0<\/strong><br \/>\n<\/span><\/p>\n<p style=\"text-align: center;\">San Martino di Castrozza \u00e8 pura passione per il mondo dei motori: da oltre 50 anni, in questo piccolo tesoro nascosto tra le montagne pi\u00f9 belle del mondo ha luogo lo storico Rallye di San Martino, giunto nel 2020 alla quarantesima edizione.<\/p>\n<p style=\"text-align: center;\">L\u2019Hospitality durante le giornate del raduno avr\u00e0 luogo presso <strong>Hotel Savoia<\/strong>, una struttura a quattro stelle Superior caratterizzata dal gusto classico che negli anno ha reso grande San Martino di Castrozza.<\/p>\n[\/vc_column_text][vc_row_inner top_padding=&#8221;25&#8243; text_align=&#8221;left&#8221;][vc_column_inner column_padding=&#8221;no-extra-padding&#8221; column_padding_position=&#8221;all&#8221; background_color_opacity=&#8221;1&#8243; width=&#8221;1\/2&#8243;][vc_column_text css=&#8221;.vc_custom_1582738045554{border-top-width: 1px !important;border-right-width: 1px !important;border-bottom-width: 1px !important;border-left-width: 1px !important;padding-top: 10px !important;padding-bottom: 10px !important;border-left-color: #ffffff !important;border-left-style: solid !important;border-right-color: #ffffff !important;border-right-style: solid !important;border-top-color: #ffffff !important;border-top-style: solid !important;border-bottom-color: #ffffff !important;border-bottom-style: solid !important;}&#8221;]\n<h1 style=\"text-align: center;\"><strong>50<\/strong><\/h1>\n<p style=\"text-align: center;\"><span style=\"font-weight: 400;\">Years of history of the<\/span><span style=\"font-weight: 400;\"><br \/>\n<\/span><span style=\"font-weight: 400;\">San Martino Rally<\/span><\/p>\n[\/vc_column_text][\/vc_column_inner][vc_column_inner column_padding=&#8221;no-extra-padding&#8221; column_padding_position=&#8221;all&#8221; background_color_opacity=&#8221;1&#8243; width=&#8221;1\/2&#8243;][vc_column_text css=&#8221;.vc_custom_1582738057420{border-top-width: 1px !important;border-right-width: 1px !important;border-bottom-width: 1px !important;border-left-width: 1px !important;padding-top: 10px !important;padding-bottom: 10px !important;border-left-color: #ffffff !important;border-left-style: solid !important;border-right-color: #ffffff !important;border-right-style: solid !important;border-top-color: #ffffff !important;border-top-style: solid !important;border-bottom-color: #ffffff !important;border-bottom-style: solid !important;}&#8221;]\n<h1 style=\"text-align: center;\"><strong>40<\/strong><\/h1>\n<p style=\"text-align: center;\"><span style=\"font-weight: 400;\">Editions of the <\/span><span style=\"font-weight: 400;\"><br \/>\n<\/span><span style=\"font-weight: 400;\">San Martino Rally<\/span><\/p>\n[\/vc_column_text][\/vc_column_inner][\/vc_row_inner][\/vc_column][vc_column column_padding=&#8221;no-extra-padding&#8221; column_padding_position=&#8221;all&#8221; background_color_opacity=&#8221;1&#8243; background_hover_color_opacity=&#8221;1&#8243; width=&#8221;1\/6&#8243; tablet_text_alignment=&#8221;default&#8221; phone_text_alignment=&#8221;default&#8221;][\/vc_column][\/vc_row][vc_row type=&#8221;in_container&#8221; full_screen_row_position=&#8221;middle&#8221; scene_position=&#8221;center&#8221; text_color=&#8221;dark&#8221; text_align=&#8221;left&#8221; overlay_strength=&#8221;0.3&#8243;][vc_column column_padding=&#8221;padding-1-percent&#8221; column_padding_position=&#8221;all&#8221; background_color_opacity=&#8221;1&#8243; background_hover_color_opacity=&#8221;1&#8243; width=&#8221;1\/1&#8243; tablet_text_alignment=&#8221;default&#8221; phone_text_alignment=&#8221;default&#8221;][nectar_image_with_hotspots image=&#8221;1234&#8243; preview=&#8221;http:\/\/lofficinaitaliana.it\/wp-content\/uploads\/2020\/02\/mappa-dintorni.jpg&#8221; color_1=&#8221;Accent-Color&#8221; hotspot_icon=&#8221;plus_sign&#8221; tooltip=&#8221;hover&#8221; tooltip_shadow=&#8221;none&#8221;][nectar_hotspot left=&#8221;52.81808035714286%&#8221; top=&#8221;60.994059244791664%&#8221; position=&#8221;top&#8221;]San Martino di Castrozza, nostro punto base durante il Tour. Una location strategica circondata da passi dolomitici di inestimabile bellezza. [\/nectar_hotspot][\/nectar_image_with_hotspots][\/vc_column][\/vc_row][vc_row type=&#8221;in_container&#8221; full_screen_row_position=&#8221;middle&#8221; scene_position=&#8221;center&#8221; text_color=&#8221;dark&#8221; text_align=&#8221;left&#8221; overlay_strength=&#8221;0.3&#8243;][vc_column column_padding=&#8221;padding-1-percent&#8221; column_padding_position=&#8221;all&#8221; background_color_opacity=&#8221;1&#8243; background_hover_color_opacity=&#8221;1&#8243; width=&#8221;1\/1&#8243; tablet_text_alignment=&#8221;default&#8221; phone_text_alignment=&#8221;default&#8221;][vc_gallery type=&#8221;image_grid&#8221; images=&#8221;963,981,949,1245&#8243; layout=&#8221;4&#8243; masonry_style=&#8221;true&#8221; gallery_style=&#8221;1&#8243; load_in_animation=&#8221;none&#8221;][\/vc_column][\/vc_row][vc_row type=&#8221;full_width_background&#8221; full_screen_row_position=&#8221;middle&#8221; bg_color=&#8221;#eae8e9&#8243; scene_position=&#8221;center&#8221; text_color=&#8221;dark&#8221; text_align=&#8221;left&#8221; top_padding=&#8221;60&#8243; bottom_padding=&#8221;60&#8243; overlay_strength=&#8221;0.3&#8243;][vc_column column_padding=&#8221;padding-5-percent&#8221; column_padding_position=&#8221;all&#8221; background_color_opacity=&#8221;1&#8243; background_hover_color_opacity=&#8221;1&#8243; width=&#8221;2\/3&#8243; tablet_text_alignment=&#8221;default&#8221; phone_text_alignment=&#8221;default&#8221;][vc_column_text]\n<h1><\/h1>\n<h1>Porsche in the Dolomites 2020, sulle orme del mitico Rallye di San Martino<\/h1>\n[\/vc_column_text][divider line_type=&#8221;No Line&#8221; custom_height=&#8221;40&#8243;][vc_column_text]\n<blockquote>\n<h5>Le pi\u00f9 belle localit\u00e0 delle Dolomiti a bordo di una Porsche<\/h5>\n<\/blockquote>\n[\/vc_column_text][divider line_type=&#8221;No Line&#8221; custom_height=&#8221;40&#8243;][vc_column_text]\n<h5>SAN MARTINO DI CASTROZZA<\/h5>\n<p>San Martino di Castrozza \u00e8 pura passione per il mondo dei motori: da oltre 50 anni, questo piccolo tesoro nascosto tra le montagne pi\u00f9 belle del mondo, \u00e8 la casa dello storico\u00a0Rallye di San Martino.[\/vc_column_text][\/vc_column][vc_column column_padding=&#8221;padding-7-percent&#8221; column_padding_position=&#8221;top&#8221; background_color_opacity=&#8221;1&#8243; background_hover_color_opacity=&#8221;1&#8243; width=&#8221;1\/3&#8243; tablet_text_alignment=&#8221;default&#8221; phone_text_alignment=&#8221;default&#8221;][vc_column_text]\n<h3>Info e Prenotazioni<\/h3>\n[\/vc_column_text][divider line_type=&#8221;No Line&#8221; custom_height=&#8221;40&#8243;]\n<div class=\"wpcf7 no-js\" id=\"wpcf7-f510-o1\" lang=\"en-US\" dir=\"ltr\">\n<div class=\"screen-reader-response\"><p role=\"status\" aria-live=\"polite\" aria-atomic=\"true\"><\/p> <ul><\/ul><\/div>\n<form action=\"\/it\/wp-json\/wp\/v2\/pages\/1211#wpcf7-f510-o1\" method=\"post\" class=\"wpcf7-form init\" aria-label=\"Contact form\" novalidate=\"novalidate\" data-status=\"init\">\n<div style=\"display: none;\">\n<input type=\"hidden\" name=\"_wpcf7\" value=\"510\" \/>\n<input type=\"hidden\" name=\"_wpcf7_version\" value=\"5.8.6\" \/>\n<input type=\"hidden\" name=\"_wpcf7_locale\" value=\"en_US\" \/>\n<input type=\"hidden\" name=\"_wpcf7_unit_tag\" value=\"wpcf7-f510-o1\" \/>\n<input type=\"hidden\" name=\"_wpcf7_container_post\" value=\"0\" \/>\n<input type=\"hidden\" name=\"_wpcf7_posted_data_hash\" value=\"\" \/>\n<\/div>\n<p><span class=\"wpcf7-form-control-wrap\" data-name=\"your-name\"><input size=\"40\" class=\"wpcf7-form-control wpcf7-text wpcf7-validates-as-required\" aria-required=\"true\" aria-invalid=\"false\" placeholder=\"Your Name*\" value=\"\" type=\"text\" name=\"your-name\" \/><\/span><br \/>\n<span class=\"wpcf7-form-control-wrap\" data-name=\"your-email\"><input size=\"40\" class=\"wpcf7-form-control wpcf7-email wpcf7-validates-as-required wpcf7-text wpcf7-validates-as-email\" aria-required=\"true\" aria-invalid=\"false\" placeholder=\"Your Mail *\" value=\"\" type=\"email\" name=\"your-email\" \/><\/span><br \/>\n<span class=\"wpcf7-form-control-wrap\" data-name=\"your-message\"><textarea cols=\"40\" rows=\"10\" class=\"wpcf7-form-control wpcf7-textarea\" aria-invalid=\"false\" placeholder=\"Your Message *\" name=\"your-message\"><\/textarea><\/span>\n<\/p>\n<p><input class=\"wpcf7-form-control wpcf7-submit has-spinner\" type=\"submit\" value=\"Send Message\" \/>\n<\/p><div class=\"wpcf7-response-output\" aria-hidden=\"true\"><\/div>\n<\/form>\n<\/div>\n[\/vc_column][\/vc_row][vc_column column_padding=&#8221;padding-5-percent&#8221; column_padding_position=&#8221;all&#8221; background_color_opacity=&#8221;1&#8243; background_hover_color_opacity=&#8221;1&#8243; width=&#8221;1\/2&#8243; tablet_text_alignment=&#8221;default&#8221; phone_text_alignment=&#8221;default&#8221;][\/vc_column]\n","protected":false},"excerpt":{"rendered":"<p>[vc_row type=&#8221;full_width_background&#8221; full_screen_row_position=&#8221;middle&#8221; scene_position=&#8221;center&#8221; text_color=&#8221;dark&#8221; text_align=&#8221;left&#8221; top_padding=&#8221;120&#8243; bottom_padding=&#8221;80&#8243; overlay_strength=&#8221;0.3&#8243;][vc_column column_padding=&#8221;no-extra-padding&#8221; column_padding_position=&#8221;all&#8221; background_color_opacity=&#8221;1&#8243; background_hover_color_opacity=&#8221;1&#8243; width=&#8221;1\/1&#8243; tablet_text_alignment=&#8221;default&#8221; phone_text_alignment=&#8221;default&#8221;][vc_row_inner text_align=&#8221;left&#8221;][vc_column_inner column_padding=&#8221;padding-12-percent&#8221; column_padding_position=&#8221;left&#8221; background_color_opacity=&#8221;1&#8243; width=&#8221;1\/4&#8243;][\/vc_column_inner][vc_column_inner column_padding=&#8221;padding-10-percent&#8221; column_padding_position=&#8221;left-right&#8221; background_color_opacity=&#8221;1&#8243; width=&#8221;1\/2&#8243;][image_with_animation image_url=&#8221;987&#8243; alignment=&#8221;center&#8221; animation=&#8221;Fade In&#8221; box_shadow=&#8221;none&#8221;&#8230;<\/p>\n","protected":false},"author":2,"featured_media":0,"parent":0,"menu_order":0,"comment_status":"closed","ping_status":"closed","template":"","meta":[],"_links":{"self":[{"href":"https:\/\/lofficinaitaliana.it\/it\/wp-json\/wp\/v2\/pages\/1211"}],"collection":[{"href":"https:\/\/lofficinaitaliana.it\/it\/wp-json\/wp\/v2\/pages"}],"about":[{"href":"https:\/\/lofficinaitaliana.it\/it\/wp-json\/wp\/v2\/types\/page"}],"author":[{"embeddable":true,"href":"https:\/\/lofficinaitaliana.it\/it\/wp-json\/wp\/v2\/users\/2"}],"replies":[{"embeddable":true,"href":"https:\/\/lofficinaitaliana.it\/it\/wp-json\/wp\/v2\/comments?post=1211"}],"version-history":[{"count":35,"href":"https:\/\/lofficinaitaliana.it\/it\/wp-json\/wp\/v2\/pages\/1211\/revisions"}],"predecessor-version":[{"id":1244,"href":"https:\/\/lofficinaitaliana.it\/it\/wp-json\/wp\/v2\/pages\/1211\/revisions\/1244"}],"wp:attachment":[{"href":"https:\/\/lofficinaitaliana.it\/it\/wp-json\/wp\/v2\/media?parent=1211"}],"curies":[{"name":"wp","href":"https:\/\/api.w.org\/{rel}","templated":true}]}}