{"id":1023,"date":"2019-08-14T11:30:38","date_gmt":"2019-08-14T10:30:38","guid":{"rendered":"http:\/\/lofficinaitaliana.it\/?page_id=1023"},"modified":"2021-02-03T15:22:58","modified_gmt":"2021-02-03T14:22:58","slug":"lancia-stratos-san-martino-di-castrozza","status":"publish","type":"page","link":"https:\/\/lofficinaitaliana.it\/it\/lancia-stratos-san-martino-di-castrozza\/","title":{"rendered":"Lancia Stratos &#8211; San Martino di Castrozza"},"content":{"rendered":"[vc_row type=&#8221;full_width_background&#8221; full_screen_row_position=&#8221;middle&#8221; scene_position=&#8221;center&#8221; text_color=&#8221;dark&#8221; text_align=&#8221;left&#8221; top_padding=&#8221;120&#8243; bottom_padding=&#8221;80&#8243; overlay_strength=&#8221;0.3&#8243;][vc_column column_padding=&#8221;no-extra-padding&#8221; column_padding_position=&#8221;all&#8221; background_color_opacity=&#8221;1&#8243; background_hover_color_opacity=&#8221;1&#8243; width=&#8221;1\/1&#8243; tablet_text_alignment=&#8221;default&#8221; phone_text_alignment=&#8221;default&#8221;][vc_row_inner text_align=&#8221;left&#8221;][vc_column_inner column_padding=&#8221;padding-12-percent&#8221; column_padding_position=&#8221;left&#8221; background_color_opacity=&#8221;1&#8243; width=&#8221;1\/4&#8243;][\/vc_column_inner][vc_column_inner column_padding=&#8221;padding-10-percent&#8221; column_padding_position=&#8221;left-right&#8221; background_color_opacity=&#8221;1&#8243; width=&#8221;1\/2&#8243;][image_with_animation image_url=&#8221;586&#8243; alignment=&#8221;center&#8221; animation=&#8221;Fade In&#8221; box_shadow=&#8221;none&#8221; max_width=&#8221;100%&#8221;][divider line_type=&#8221;No Line&#8221; custom_height=&#8221;40&#8243;][\/vc_column_inner][vc_column_inner column_padding=&#8221;padding-12-percent&#8221; column_padding_position=&#8221;right&#8221; background_color_opacity=&#8221;1&#8243; width=&#8221;1\/4&#8243;][\/vc_column_inner][\/vc_row_inner][vc_row_inner text_align=&#8221;left&#8221;][vc_column_inner column_padding=&#8221;padding-12-percent&#8221; column_padding_position=&#8221;left&#8221; background_color_opacity=&#8221;1&#8243; width=&#8221;1\/4&#8243;][divider line_type=&#8221;Full Width Line&#8221; line_thickness=&#8221;3&#8243; divider_color=&#8221;extra-color-1&#8243;][\/vc_column_inner][vc_column_inner column_padding=&#8221;no-extra-padding&#8221; column_padding_position=&#8221;all&#8221; background_color_opacity=&#8221;1&#8243; width=&#8221;1\/2&#8243;][vc_column_text]\n<h1 style=\"text-align: center;\"><strong>San Martino di Castrozza\u00a0<\/strong><\/h1>\n[\/vc_column_text][\/vc_column_inner][vc_column_inner column_padding=&#8221;padding-12-percent&#8221; column_padding_position=&#8221;right&#8221; background_color_opacity=&#8221;1&#8243; width=&#8221;1\/4&#8243;][divider line_type=&#8221;Full Width Line&#8221; line_thickness=&#8221;3&#8243; divider_color=&#8221;accent-color&#8221;][\/vc_column_inner][\/vc_row_inner][image_with_animation image_url=&#8221;1004&#8243; alignment=&#8221;center&#8221; animation=&#8221;Fade In&#8221; box_shadow=&#8221;none&#8221; max_width=&#8221;100%&#8221;][\/vc_column][\/vc_row][vc_row type=&#8221;full_width_background&#8221; full_screen_row_position=&#8221;middle&#8221; bg_color=&#8221;#a90a27&#8243; scene_position=&#8221;center&#8221; text_color=&#8221;light&#8221; text_align=&#8221;left&#8221; top_padding=&#8221;50&#8243; bottom_padding=&#8221;50&#8243; overlay_strength=&#8221;0.3&#8243;][vc_column column_padding=&#8221;padding-5-percent&#8221; column_padding_position=&#8221;all&#8221; background_color_opacity=&#8221;1&#8243; background_hover_color_opacity=&#8221;1&#8243; width=&#8221;1\/6&#8243; tablet_text_alignment=&#8221;default&#8221; phone_text_alignment=&#8221;default&#8221;][\/vc_column][vc_column column_padding=&#8221;no-extra-padding&#8221; column_padding_position=&#8221;all&#8221; background_color_opacity=&#8221;1&#8243; background_hover_color_opacity=&#8221;1&#8243; top_margin=&#8221;50&#8243; bottom_margin=&#8221;50&#8243; width=&#8221;2\/3&#8243; tablet_text_alignment=&#8221;default&#8221; phone_text_alignment=&#8221;default&#8221;][vc_column_text]\n<h4 style=\"text-align: center;\"><span style=\"font-weight: 400;\"><strong>SAN MARTINO DI CASTROZZA<\/strong>, una tra le localit\u00e0 pi\u00f9 importanti del Trentino.<\/span><\/h4>\n<h4 style=\"text-align: center;\"><span style=\"font-weight: 400;\"><strong>LE DOLOMITI,<\/strong> Patrimonio Unesco.<\/span><\/h4>\n<h4 style=\"text-align: center;\"><span style=\"font-weight: 400;\"><strong>LA LANCIA STRATOS,<\/strong> una vera opera d&#8217; arte.<\/span><\/h4>\n[\/vc_column_text][\/vc_column][vc_column column_padding=&#8221;no-extra-padding&#8221; column_padding_position=&#8221;all&#8221; background_color_opacity=&#8221;1&#8243; background_hover_color_opacity=&#8221;1&#8243; width=&#8221;1\/6&#8243; tablet_text_alignment=&#8221;default&#8221; phone_text_alignment=&#8221;default&#8221;][\/vc_column][\/vc_row][vc_row type=&#8221;full_width_background&#8221; full_screen_row_position=&#8221;middle&#8221; scene_position=&#8221;center&#8221; text_color=&#8221;dark&#8221; text_align=&#8221;left&#8221; top_padding=&#8221;50&#8243; bottom_padding=&#8221;50&#8243; overlay_strength=&#8221;0.3&#8243;][vc_column column_padding=&#8221;no-extra-padding&#8221; column_padding_position=&#8221;all&#8221; background_color_opacity=&#8221;1&#8243; background_hover_color_opacity=&#8221;1&#8243; width=&#8221;1\/1&#8243; tablet_text_alignment=&#8221;default&#8221; phone_text_alignment=&#8221;default&#8221;][vc_column_text]\n<h1 style=\"text-align: center;\"><span style=\"color: #a90a27;\">Location<\/span><\/h1>\n<h4 style=\"text-align: center;\">Casa di motori<\/h4>\n[\/vc_column_text][divider line_type=&#8221;No Line&#8221; custom_height=&#8221;40&#8243;][vc_column_text]\n<div class=\"yiv0495518261m_-1379084827460855159m_-7494217047326004906m_1483937218126882829m_-1008343650444939897m_5117838908804729888m_-7620707481372805949moz-forward-container\">\n<p><span style=\"font-weight: 400;\">Se della Lancia Stratos conoscete molto se non proprio tutto, vogliamo oggi raccontarvi un p\u00f2 di storia di San Martino di Castrozza.<\/span><\/p>\n<p><span style=\"font-weight: 400;\">&#8220;Il Paradiso delle Dolomiti&#8221; stava scritto sul fronte-spizio dell&#8217;organo ufficiale del &#8220;Comitato di Cura&#8221; di San Martino di Castrozza e Primiero, pubblicato negli anni tra le due guerre mondiali.<\/span><\/p>\n<p><span style=\"font-weight: 400;\">E proprio un paradiso deve essere sembrato, complice il relativo isolamento in cui la posizione geografica lo poneva, il superbo paesaggio della valle di Primiero a chi, venuto da lontano, a piedi o a dorso di mulo, lo port\u00f2 alla ribalta, con racconti e diari di viaggio, nei circoli esclusivi dell&#8217;alpinismo europeo nella seconda met\u00e0 del secolo scorso.<\/span><\/p>\n<p><span style=\"font-weight: 400;\">L&#8217; avventura del turismo nella nostra zona inizia cos\u00ec, con quella che potremmo definire una &#8220;riscoperta&#8221; dato che la valle era stata gi\u00e0 testimone, nei secoli passati, di avvenimenti storici non certo secondari, all&#8217;interno della compagine amministrativa tirolese.<\/span><\/p>\n<p><span style=\"font-weight: 400;\">Ma nei primi anni del secolo XIX l&#8217;ottica \u00e8 mutata, grazie alla grande passione ed alla voglia di viaggiare che, sulla scia dei grandi artisti del mondo nordico, porta l&#8217;aristocrazia e la ricca borghesia europea a travalicare le Alpi per conoscere, studiare, analizzare e toccare con mano le bellezze artistiche e naturali d&#8217; Italia.<\/span><\/p>\n<p><span style=\"font-weight: 400;\">Nel 1871, complici le spinte dell&#8217;apparato militare austro-ungarico, viene inaugurato il tratto della Imperial-Regia Strada che collega Primiero a Fiemme, valicando il Passo Rolle: \u00e8 questo un momento fondamentale per l&#8217; apertura della nostra localit\u00e0 al nascente turismo, pi\u00f9 che altrove di provenienza nordica. La localit\u00e0 vede in quell&#8217; epoca affacciarsi il turismo elitario ed aristocratico che gi\u00e0 frequentava altre importanti localit\u00e0 di villeggiatura.<\/span><\/p>\n<p><span style=\"font-weight: 400;\">Le biografie degli artisti, dei compositori, dei pittori, degli scrittori di fine ottocento, sono intercalate da frequenti vacanze in questi luoghi ameni, dove alla quiete ed all&#8217; aria incontaminata si aggiungeva la frequentazione del &#8220;bel mondo&#8221; di allora: la principessa Stefania del Belgio, sfortunata moglie del Principe ereditario Rodolfo d&#8217;Asburgo, suicida a Mayerling, vi dimentica il recente lutto, Strauss vi compone la &#8220;Sinfonia delle Alpi&#8221;, Schnitzler vi ambienta in suo fortunato romanzo &#8221; Signorina Else&#8221;, e Adolf Loos, uno dei pi\u00f9 interessanti architetti d&#8217;Austria e d&#8217;Europa, nel suo volume &#8220;Parole nel vuoto&#8221;, cita le Pale per un umoristico paradosso.<\/span><\/p>\n<p><span style=\"font-weight: 400;\">L&#8217;intraprendenza dei primi albergatori, la professionalit\u00e0 delle guide alpine e la cura delle associazione e degli enti quali la Societ\u00e0 Alpina Tridentini ed il Deutsch-Osterreichische Alpenverein, contribuiscono a farne una stazione tra le pi\u00f9 ambite e ricercate del tempo, frequentata dai pi\u00f9 bei nomi della nobilt\u00e0 internazionale. Artisti, politici, militari degli alti vertici dell&#8217;esercito Austro-Ungarico ne fanno la meta delle loro vacanze estive.<\/span><\/p>\n<p><span style=\"font-weight: 400;\">Quello che San Martino offre ai visitatori \u00e8 uno scenario di incomparabile bellezza: una conca naturale, circondata da boschi secolari e coronata da uno dei pi\u00f9 arditi gruppi dolomitici. Una definizione di Gunther Langes, di alcuni anni pi\u00f9 avanti, si spinger\u00e0 a dire: &#8221; Chi non ha mai visto San Martino di Castrozza non conosce le Dolomiti; qui il paesaggio dolomitico ha veramente raggiunto la sua massima perfezione&#8221;!<\/span><\/p>\n<p>&nbsp;<\/p>\n<p><span style=\"font-weight: 400;\">Il resto \u00e8 storia d&#8217;oggi: lo sviluppo turistico ed urbano di San Martino di Castrozza e della valle di Primiero ha portato ad un mutamento impensabile fino a soli 40 anni fa. La recente nomina delle nostre montagne, le Dolomiti, a patrimonio naturale dell&#8217;umanit\u00e0 traccia il segno del futuro sviluppo delle nostre localit\u00e0, nell&#8217; ottica di una riscoperta sempre pi\u00f9 consapevole ed intelligente dei patrimoni che ci troviamo a gestire.<\/span><\/p>\n<p>&nbsp;<\/p>\n<p><span style=\"font-weight: 400;\">Sar\u00e0 per noi un piacere ospitarvi a San Martino di Castrozza!<\/span><\/p>\n<\/div>\n<div class=\"yiv0495518261m_-1379084827460855159m_-7494217047326004906m_1483937218126882829m_-1008343650444939897m_5117838908804729888m_-7620707481372805949moz-forward-container\">\n<div class=\"yiv0495518261m_-1379084827460855159m_-7494217047326004906m_1483937218126882829m_-1008343650444939897m_5117838908804729888m_-7620707481372805949moz-forward-container\">\n<div class=\"yiv0495518261m_-1379084827460855159m_-7494217047326004906m_1483937218126882829m_-1008343650444939897m_5117838908804729888m_-7620707481372805949moz-forward-container\">\n<div class=\"yiv0495518261m_-1379084827460855159m_-7494217047326004906m_1483937218126882829m_-1008343650444939897m_5117838908804729888m_-7620707481372805949moz-forward-container\"><\/div>\n<div class=\"yiv0495518261m_-1379084827460855159m_-7494217047326004906m_1483937218126882829m_-1008343650444939897m_5117838908804729888m_-7620707481372805949moz-forward-container\"><em>Cristian Marin<\/em><br \/>\nL&#8217;Officina Italiana<br \/>\nHotel Savoia<\/div>\n<\/div>\n<\/div>\n<\/div>\n[\/vc_column_text][\/vc_column][\/vc_row][vc_row type=&#8221;full_width_content&#8221; full_screen_row_position=&#8221;middle&#8221; scene_position=&#8221;center&#8221; text_color=&#8221;dark&#8221; text_align=&#8221;left&#8221; overlay_strength=&#8221;0.3&#8243;][vc_column column_padding=&#8221;padding-1-percent&#8221; column_padding_position=&#8221;all&#8221; background_color_opacity=&#8221;1&#8243; background_hover_color_opacity=&#8221;1&#8243; width=&#8221;1\/3&#8243; tablet_text_alignment=&#8221;default&#8221; phone_text_alignment=&#8221;default&#8221;][image_with_animation image_url=&#8221;1006&#8243; alignment=&#8221;&#8221; animation=&#8221;Fade In&#8221; img_link_large=&#8221;yes&#8221; box_shadow=&#8221;none&#8221; max_width=&#8221;100%&#8221;][\/vc_column][vc_column column_padding=&#8221;padding-1-percent&#8221; column_padding_position=&#8221;all&#8221; background_color_opacity=&#8221;1&#8243; background_hover_color_opacity=&#8221;1&#8243; width=&#8221;1\/3&#8243; tablet_text_alignment=&#8221;default&#8221; phone_text_alignment=&#8221;default&#8221;][image_with_animation image_url=&#8221;1015&#8243; alignment=&#8221;&#8221; animation=&#8221;Fade In&#8221; img_link_large=&#8221;yes&#8221; box_shadow=&#8221;none&#8221; max_width=&#8221;100%&#8221;][\/vc_column][vc_column column_padding=&#8221;padding-1-percent&#8221; column_padding_position=&#8221;all&#8221; background_color_opacity=&#8221;1&#8243; background_hover_color_opacity=&#8221;1&#8243; width=&#8221;1\/3&#8243; tablet_text_alignment=&#8221;default&#8221; phone_text_alignment=&#8221;default&#8221;][image_with_animation image_url=&#8221;1019&#8243; alignment=&#8221;&#8221; animation=&#8221;Fade In&#8221; img_link_large=&#8221;yes&#8221; box_shadow=&#8221;none&#8221; max_width=&#8221;100%&#8221;][\/vc_column][\/vc_row][vc_row type=&#8221;full_width_background&#8221; full_screen_row_position=&#8221;middle&#8221; scene_position=&#8221;center&#8221; text_color=&#8221;dark&#8221; text_align=&#8221;left&#8221; overlay_strength=&#8221;0.3&#8243;][vc_column column_padding=&#8221;padding-5-percent&#8221; column_padding_position=&#8221;all&#8221; background_color_opacity=&#8221;1&#8243; background_hover_color_opacity=&#8221;1&#8243; width=&#8221;1\/1&#8243; tablet_text_alignment=&#8221;default&#8221; phone_text_alignment=&#8221;default&#8221;][divider line_type=&#8221;No Line&#8221; custom_height=&#8221;40&#8243;][vc_column_text]\n<h1 style=\"text-align: center;\">Vuoi maggiori informazioni?<\/h1>\n[\/vc_column_text][divider line_type=&#8221;No Line&#8221; custom_height=&#8221;40&#8243;][\/vc_column][\/vc_row][vc_row type=&#8221;full_width_background&#8221; full_screen_row_position=&#8221;middle&#8221; bg_color=&#8221;#eae8e9&#8243; scene_position=&#8221;center&#8221; text_color=&#8221;dark&#8221; text_align=&#8221;left&#8221; top_padding=&#8221;60&#8243; bottom_padding=&#8221;60&#8243; overlay_strength=&#8221;0.3&#8243;][vc_column column_padding=&#8221;padding-5-percent&#8221; column_padding_position=&#8221;all&#8221; background_color_opacity=&#8221;1&#8243; background_hover_color_opacity=&#8221;1&#8243; width=&#8221;2\/3&#8243; tablet_text_alignment=&#8221;default&#8221; phone_text_alignment=&#8221;default&#8221;][vc_column_text]\n<h1><\/h1>\n<h1>Lancia Stratos World Symposium<\/h1>\n[\/vc_column_text][divider line_type=&#8221;No Line&#8221; custom_height=&#8221;40&#8243;][vc_column_text]\n<blockquote>\n<h5>Lancia Stratos:\u00a0<em>un simbolo pi\u00f9 che un\u2019auto<\/em><\/h5>\n<\/blockquote>\n[\/vc_column_text][divider line_type=&#8221;No Line&#8221; custom_height=&#8221;40&#8243;][vc_column_text]\n<h5>SETTEMBRE 2019<\/h5>\n<p>San Martino di Castrozza \u00e8 il\u00a0luogo d\u2019origine dell\u2019omonimo Rallye di San Martino,\u00a0un vero tesoro custodito tra le montagne pi\u00f9 belle del mondo.[\/vc_column_text][\/vc_column][vc_column column_padding=&#8221;padding-7-percent&#8221; column_padding_position=&#8221;top&#8221; background_color_opacity=&#8221;1&#8243; background_hover_color_opacity=&#8221;1&#8243; width=&#8221;1\/3&#8243; tablet_text_alignment=&#8221;default&#8221; phone_text_alignment=&#8221;default&#8221;][vc_column_text]\n<h3>Info e prenotazioni<\/h3>\n[\/vc_column_text][divider line_type=&#8221;No Line&#8221; custom_height=&#8221;40&#8243;]\n<div class=\"wpcf7 no-js\" id=\"wpcf7-f510-o1\" lang=\"en-US\" dir=\"ltr\">\n<div class=\"screen-reader-response\"><p role=\"status\" aria-live=\"polite\" aria-atomic=\"true\"><\/p> <ul><\/ul><\/div>\n<form action=\"\/it\/wp-json\/wp\/v2\/pages\/1023#wpcf7-f510-o1\" method=\"post\" class=\"wpcf7-form init\" aria-label=\"Contact form\" novalidate=\"novalidate\" data-status=\"init\">\n<div style=\"display: none;\">\n<input type=\"hidden\" name=\"_wpcf7\" value=\"510\" \/>\n<input type=\"hidden\" name=\"_wpcf7_version\" value=\"5.8.6\" \/>\n<input type=\"hidden\" name=\"_wpcf7_locale\" value=\"en_US\" \/>\n<input type=\"hidden\" name=\"_wpcf7_unit_tag\" value=\"wpcf7-f510-o1\" \/>\n<input type=\"hidden\" name=\"_wpcf7_container_post\" value=\"0\" \/>\n<input type=\"hidden\" name=\"_wpcf7_posted_data_hash\" value=\"\" \/>\n<\/div>\n<p><span class=\"wpcf7-form-control-wrap\" data-name=\"your-name\"><input size=\"40\" class=\"wpcf7-form-control wpcf7-text wpcf7-validates-as-required\" aria-required=\"true\" aria-invalid=\"false\" placeholder=\"Your Name*\" value=\"\" type=\"text\" name=\"your-name\" \/><\/span><br \/>\n<span class=\"wpcf7-form-control-wrap\" data-name=\"your-email\"><input size=\"40\" class=\"wpcf7-form-control wpcf7-email wpcf7-validates-as-required wpcf7-text wpcf7-validates-as-email\" aria-required=\"true\" aria-invalid=\"false\" placeholder=\"Your Mail *\" value=\"\" type=\"email\" name=\"your-email\" \/><\/span><br \/>\n<span class=\"wpcf7-form-control-wrap\" data-name=\"your-message\"><textarea cols=\"40\" rows=\"10\" class=\"wpcf7-form-control wpcf7-textarea\" aria-invalid=\"false\" placeholder=\"Your Message *\" name=\"your-message\"><\/textarea><\/span>\n<\/p>\n<p><input class=\"wpcf7-form-control wpcf7-submit has-spinner\" type=\"submit\" value=\"Send Message\" \/>\n<\/p><div class=\"wpcf7-response-output\" aria-hidden=\"true\"><\/div>\n<\/form>\n<\/div>\n[\/vc_column][\/vc_row][vc_column column_padding=&#8221;padding-5-percent&#8221; column_padding_position=&#8221;all&#8221; background_color_opacity=&#8221;1&#8243; background_hover_color_opacity=&#8221;1&#8243; width=&#8221;1\/2&#8243; tablet_text_alignment=&#8221;default&#8221; phone_text_alignment=&#8221;default&#8221;][\/vc_column]\n","protected":false},"excerpt":{"rendered":"<p>[vc_row type=&#8221;full_width_background&#8221; full_screen_row_position=&#8221;middle&#8221; scene_position=&#8221;center&#8221; text_color=&#8221;dark&#8221; text_align=&#8221;left&#8221; top_padding=&#8221;120&#8243; bottom_padding=&#8221;80&#8243; overlay_strength=&#8221;0.3&#8243;][vc_column column_padding=&#8221;no-extra-padding&#8221; column_padding_position=&#8221;all&#8221; background_color_opacity=&#8221;1&#8243; background_hover_color_opacity=&#8221;1&#8243; width=&#8221;1\/1&#8243; tablet_text_alignment=&#8221;default&#8221; phone_text_alignment=&#8221;default&#8221;][vc_row_inner text_align=&#8221;left&#8221;][vc_column_inner column_padding=&#8221;padding-12-percent&#8221; column_padding_position=&#8221;left&#8221; background_color_opacity=&#8221;1&#8243; width=&#8221;1\/4&#8243;][\/vc_column_inner][vc_column_inner column_padding=&#8221;padding-10-percent&#8221; column_padding_position=&#8221;left-right&#8221; background_color_opacity=&#8221;1&#8243; width=&#8221;1\/2&#8243;][image_with_animation image_url=&#8221;586&#8243; alignment=&#8221;center&#8221; animation=&#8221;Fade In&#8221; box_shadow=&#8221;none&#8221;&#8230;<\/p>\n","protected":false},"author":2,"featured_media":0,"parent":0,"menu_order":0,"comment_status":"closed","ping_status":"closed","template":"","meta":[],"_links":{"self":[{"href":"https:\/\/lofficinaitaliana.it\/it\/wp-json\/wp\/v2\/pages\/1023"}],"collection":[{"href":"https:\/\/lofficinaitaliana.it\/it\/wp-json\/wp\/v2\/pages"}],"about":[{"href":"https:\/\/lofficinaitaliana.it\/it\/wp-json\/wp\/v2\/types\/page"}],"author":[{"embeddable":true,"href":"https:\/\/lofficinaitaliana.it\/it\/wp-json\/wp\/v2\/users\/2"}],"replies":[{"embeddable":true,"href":"https:\/\/lofficinaitaliana.it\/it\/wp-json\/wp\/v2\/comments?post=1023"}],"version-history":[{"count":6,"href":"https:\/\/lofficinaitaliana.it\/it\/wp-json\/wp\/v2\/pages\/1023\/revisions"}],"predecessor-version":[{"id":1290,"href":"https:\/\/lofficinaitaliana.it\/it\/wp-json\/wp\/v2\/pages\/1023\/revisions\/1290"}],"wp:attachment":[{"href":"https:\/\/lofficinaitaliana.it\/it\/wp-json\/wp\/v2\/media?parent=1023"}],"curies":[{"name":"wp","href":"https:\/\/api.w.org\/{rel}","templated":true}]}}